{"id":5700,"date":"2024-12-12T03:07:51","date_gmt":"2024-12-12T03:07:51","guid":{"rendered":"https:\/\/arupro.com\/?page_id=5700"},"modified":"2024-12-12T03:13:32","modified_gmt":"2024-12-12T03:13:32","slug":"tech-report-kitchen-es","status":"publish","type":"page","link":"https:\/\/arupro.com\/index.php\/tech-report-kitchen-es\/","title":{"rendered":"TECH REPORT &#8211; KITCHEN ES"},"content":{"rendered":"\t\t<div data-elementor-type=\"wp-page\" data-elementor-id=\"5700\" class=\"elementor elementor-5700\" data-elementor-post-type=\"page\">\n\t\t\t\t\t\t<section class=\"elementor-section elementor-top-section elementor-element elementor-element-57236fa elementor-section-stretched elementor-section-boxed elementor-section-height-default elementor-section-height-default\" data-id=\"57236fa\" data-element_type=\"section\" data-e-type=\"section\" data-settings=\"{&quot;stretch_section&quot;:&quot;section-stretched&quot;,&quot;background_background&quot;:&quot;classic&quot;}\">\n\t\t\t\t\t\t\t<div class=\"elementor-background-overlay\"><\/div>\n\t\t\t\t\t\t\t<div class=\"elementor-container elementor-column-gap-default\">\n\t\t\t\t\t<div class=\"elementor-column elementor-col-50 elementor-top-column elementor-element elementor-element-184f91f\" data-id=\"184f91f\" data-element_type=\"column\" data-e-type=\"column\" data-settings=\"{&quot;background_background&quot;:&quot;classic&quot;}\">\n\t\t\t<div class=\"elementor-widget-wrap elementor-element-populated\">\n\t\t\t\t\t\t<div class=\"elementor-element elementor-element-8a27c78 elementor-widget elementor-widget-spacer\" data-id=\"8a27c78\" data-element_type=\"widget\" data-e-type=\"widget\" data-widget_type=\"spacer.default\">\n\t\t\t\t<div class=\"elementor-widget-container\">\n\t\t\t\t\t\t\t<div class=\"elementor-spacer\">\n\t\t\t<div class=\"elementor-spacer-inner\"><\/div>\n\t\t<\/div>\n\t\t\t\t\t\t<\/div>\n\t\t\t\t<\/div>\n\t\t\t\t<div class=\"elementor-element elementor-element-b4add04 elementor-widget elementor-widget-heading\" data-id=\"b4add04\" data-element_type=\"widget\" data-e-type=\"widget\" data-widget_type=\"heading.default\">\n\t\t\t\t<div class=\"elementor-widget-container\">\n\t\t\t\t\t<h2 class=\"elementor-heading-title elementor-size-default\">Descarga esta ficha t\u00e9cnica <\/h2>\t\t\t\t<\/div>\n\t\t\t\t<\/div>\n\t\t\t\t<div class=\"elementor-element elementor-element-2a5d882 elementor-widget elementor-widget-text-editor\" data-id=\"2a5d882\" data-element_type=\"widget\" data-e-type=\"widget\" data-widget_type=\"text-editor.default\">\n\t\t\t\t<div class=\"elementor-widget-container\">\n\t\t\t\t\t\t\t\t\t<p>Obt\u00e9n toda la informaci\u00f3n detallada sobre las caracter\u00edsticas, aplicaciones y propiedades de este producto. Oprime el bot\u00f3n de al lado para descargar la ficha t\u00e9cnica en PDF.<\/p>\t\t\t\t\t\t\t\t<\/div>\n\t\t\t\t<\/div>\n\t\t\t\t\t<\/div>\n\t\t<\/div>\n\t\t\t\t<div class=\"elementor-column elementor-col-50 elementor-top-column elementor-element elementor-element-966a6c1\" data-id=\"966a6c1\" data-element_type=\"column\" data-e-type=\"column\">\n\t\t\t<div class=\"elementor-widget-wrap elementor-element-populated\">\n\t\t\t\t\t\t<div class=\"elementor-element elementor-element-654f8db elementor-align-left elementor-widget elementor-widget-button\" data-id=\"654f8db\" data-element_type=\"widget\" data-e-type=\"widget\" data-widget_type=\"button.default\">\n\t\t\t\t<div class=\"elementor-widget-container\">\n\t\t\t\t\t\t\t\t\t<div class=\"elementor-button-wrapper\">\n\t\t\t\t\t<a class=\"elementor-button elementor-button-link elementor-size-sm\" href=\"https:\/\/arupro.com\/wp-content\/uploads\/2024\/12\/TECH-REPORTS-Kitchen-ES.pdf\" target=\"_blank\" download=\"Ficha Tecnica Kitchen\">\n\t\t\t\t\t\t<span class=\"elementor-button-content-wrapper\">\n\t\t\t\t\t\t<span class=\"elementor-button-icon\">\n\t\t\t\t<i aria-hidden=\"true\" class=\"fas fa-download\"><\/i>\t\t\t<\/span>\n\t\t\t\t\t\t\t\t\t<span class=\"elementor-button-text\">Descargar Ficha T\u00e9cnica (PDF)<\/span>\n\t\t\t\t\t<\/span>\n\t\t\t\t\t<\/a>\n\t\t\t\t<\/div>\n\t\t\t\t\t\t\t\t<\/div>\n\t\t\t\t<\/div>\n\t\t\t\t\t<\/div>\n\t\t<\/div>\n\t\t\t\t\t<\/div>\n\t\t<\/section>\n\t\t\t\t<section class=\"elementor-section elementor-top-section elementor-element elementor-element-06e2aed elementor-section-boxed elementor-section-height-default elementor-section-height-default\" data-id=\"06e2aed\" data-element_type=\"section\" data-e-type=\"section\">\n\t\t\t\t\t\t<div class=\"elementor-container elementor-column-gap-default\">\n\t\t\t\t\t<div class=\"elementor-column elementor-col-100 elementor-top-column elementor-element elementor-element-bb47b37\" data-id=\"bb47b37\" data-element_type=\"column\" data-e-type=\"column\">\n\t\t\t<div class=\"elementor-widget-wrap elementor-element-populated\">\n\t\t\t\t\t\t<div class=\"elementor-element elementor-element-67e82c7 elementor-widget elementor-widget-image\" data-id=\"67e82c7\" data-element_type=\"widget\" data-e-type=\"widget\" data-widget_type=\"image.default\">\n\t\t\t\t<div class=\"elementor-widget-container\">\n\t\t\t\t\t\t\t\t\t\t\t\t\t\t\t<img fetchpriority=\"high\" decoding=\"async\" width=\"724\" height=\"1024\" src=\"https:\/\/arupro.com\/wp-content\/uploads\/2024\/12\/1-2-724x1024.png\" class=\"attachment-large size-large wp-image-5702\" alt=\"\" srcset=\"https:\/\/arupro.com\/wp-content\/uploads\/2024\/12\/1-2-724x1024.png 724w, https:\/\/arupro.com\/wp-content\/uploads\/2024\/12\/1-2-212x300.png 212w, https:\/\/arupro.com\/wp-content\/uploads\/2024\/12\/1-2-768x1086.png 768w, https:\/\/arupro.com\/wp-content\/uploads\/2024\/12\/1-2-1086x1536.png 1086w, https:\/\/arupro.com\/wp-content\/uploads\/2024\/12\/1-2.png 1414w\" sizes=\"(max-width: 724px) 100vw, 724px\" \/>\t\t\t\t\t\t\t\t\t\t\t\t\t\t\t<\/div>\n\t\t\t\t<\/div>\n\t\t\t\t<div class=\"elementor-element elementor-element-fca0771 elementor-widget elementor-widget-image\" data-id=\"fca0771\" data-element_type=\"widget\" data-e-type=\"widget\" data-widget_type=\"image.default\">\n\t\t\t\t<div class=\"elementor-widget-container\">\n\t\t\t\t\t\t\t\t\t\t\t\t\t\t\t<img decoding=\"async\" width=\"724\" height=\"1024\" src=\"https:\/\/arupro.com\/wp-content\/uploads\/2024\/12\/2-2-724x1024.png\" class=\"attachment-large size-large wp-image-5703\" alt=\"\" srcset=\"https:\/\/arupro.com\/wp-content\/uploads\/2024\/12\/2-2-724x1024.png 724w, https:\/\/arupro.com\/wp-content\/uploads\/2024\/12\/2-2-212x300.png 212w, https:\/\/arupro.com\/wp-content\/uploads\/2024\/12\/2-2-768x1086.png 768w, https:\/\/arupro.com\/wp-content\/uploads\/2024\/12\/2-2-1086x1536.png 1086w, https:\/\/arupro.com\/wp-content\/uploads\/2024\/12\/2-2.png 1414w\" sizes=\"(max-width: 724px) 100vw, 724px\" \/>\t\t\t\t\t\t\t\t\t\t\t\t\t\t\t<\/div>\n\t\t\t\t<\/div>\n\t\t\t\t<div class=\"elementor-element elementor-element-610189c elementor-widget elementor-widget-image\" data-id=\"610189c\" data-element_type=\"widget\" data-e-type=\"widget\" data-widget_type=\"image.default\">\n\t\t\t\t<div class=\"elementor-widget-container\">\n\t\t\t\t\t\t\t\t\t\t\t\t\t\t\t<img decoding=\"async\" width=\"724\" height=\"1024\" src=\"https:\/\/arupro.com\/wp-content\/uploads\/2024\/12\/TECH-REPORTS-Kitchen-ES-724x1024.png\" class=\"attachment-large size-large wp-image-5706\" alt=\"\" srcset=\"https:\/\/arupro.com\/wp-content\/uploads\/2024\/12\/TECH-REPORTS-Kitchen-ES-724x1024.png 724w, https:\/\/arupro.com\/wp-content\/uploads\/2024\/12\/TECH-REPORTS-Kitchen-ES-212x300.png 212w, https:\/\/arupro.com\/wp-content\/uploads\/2024\/12\/TECH-REPORTS-Kitchen-ES-768x1086.png 768w, https:\/\/arupro.com\/wp-content\/uploads\/2024\/12\/TECH-REPORTS-Kitchen-ES-1086x1536.png 1086w, https:\/\/arupro.com\/wp-content\/uploads\/2024\/12\/TECH-REPORTS-Kitchen-ES.png 1414w\" sizes=\"(max-width: 724px) 100vw, 724px\" \/>\t\t\t\t\t\t\t\t\t\t\t\t\t\t\t<\/div>\n\t\t\t\t<\/div>\n\t\t\t\t\t<\/div>\n\t\t<\/div>\n\t\t\t\t\t<\/div>\n\t\t<\/section>\n\t\t\t\t<\/div>\n\t\t","protected":false},"excerpt":{"rendered":"<p>Descarga esta ficha t\u00e9cnica Obt\u00e9n toda la informaci\u00f3n detallada sobre las caracter\u00edsticas, aplicaciones y propiedades de este producto. Oprime el bot\u00f3n de al lado para&hellip;<\/p>\n","protected":false},"author":3,"featured_media":0,"parent":0,"menu_order":0,"comment_status":"closed","ping_status":"closed","template":"","meta":{"footnotes":""},"class_list":["post-5700","page","type-page","status-publish","hentry"],"_links":{"self":[{"href":"https:\/\/arupro.com\/index.php\/wp-json\/wp\/v2\/pages\/5700","targetHints":{"allow":["GET"]}}],"collection":[{"href":"https:\/\/arupro.com\/index.php\/wp-json\/wp\/v2\/pages"}],"about":[{"href":"https:\/\/arupro.com\/index.php\/wp-json\/wp\/v2\/types\/page"}],"author":[{"embeddable":true,"href":"https:\/\/arupro.com\/index.php\/wp-json\/wp\/v2\/users\/3"}],"replies":[{"embeddable":true,"href":"https:\/\/arupro.com\/index.php\/wp-json\/wp\/v2\/comments?post=5700"}],"version-history":[{"count":7,"href":"https:\/\/arupro.com\/index.php\/wp-json\/wp\/v2\/pages\/5700\/revisions"}],"predecessor-version":[{"id":5713,"href":"https:\/\/arupro.com\/index.php\/wp-json\/wp\/v2\/pages\/5700\/revisions\/5713"}],"wp:attachment":[{"href":"https:\/\/arupro.com\/index.php\/wp-json\/wp\/v2\/media?parent=5700"}],"curies":[{"name":"wp","href":"https:\/\/api.w.org\/{rel}","templated":true}]}}