{"id":7439,"date":"2025-04-28T13:53:55","date_gmt":"2025-04-28T13:53:55","guid":{"rendered":"https:\/\/arupro.com\/?page_id=7439"},"modified":"2025-12-03T17:56:47","modified_gmt":"2025-12-03T17:56:47","slug":"tech-report-waw-laundry-softener-es","status":"publish","type":"page","link":"https:\/\/arupro.com\/index.php\/tech-report-waw-laundry-softener-es\/","title":{"rendered":"Tech Report &#8211; WAW Laundry Softener ES"},"content":{"rendered":"\t\t<div data-elementor-type=\"wp-page\" data-elementor-id=\"7439\" class=\"elementor elementor-7439\" data-elementor-post-type=\"page\">\n\t\t\t\t\t\t<section class=\"elementor-section elementor-top-section elementor-element elementor-element-17ef0ca elementor-section-stretched elementor-section-boxed elementor-section-height-default elementor-section-height-default\" data-id=\"17ef0ca\" data-element_type=\"section\" data-e-type=\"section\" data-settings=\"{&quot;stretch_section&quot;:&quot;section-stretched&quot;,&quot;background_background&quot;:&quot;classic&quot;}\">\n\t\t\t\t\t\t\t<div class=\"elementor-background-overlay\"><\/div>\n\t\t\t\t\t\t\t<div class=\"elementor-container elementor-column-gap-default\">\n\t\t\t\t\t<div class=\"elementor-column elementor-col-50 elementor-top-column elementor-element elementor-element-e01065d\" data-id=\"e01065d\" data-element_type=\"column\" data-e-type=\"column\" data-settings=\"{&quot;background_background&quot;:&quot;classic&quot;}\">\n\t\t\t<div class=\"elementor-widget-wrap elementor-element-populated\">\n\t\t\t\t\t\t<div class=\"elementor-element elementor-element-0ea821f elementor-widget elementor-widget-spacer\" data-id=\"0ea821f\" data-element_type=\"widget\" data-e-type=\"widget\" data-widget_type=\"spacer.default\">\n\t\t\t\t<div class=\"elementor-widget-container\">\n\t\t\t\t\t\t\t<div class=\"elementor-spacer\">\n\t\t\t<div class=\"elementor-spacer-inner\"><\/div>\n\t\t<\/div>\n\t\t\t\t\t\t<\/div>\n\t\t\t\t<\/div>\n\t\t\t\t<div class=\"elementor-element elementor-element-82651ad elementor-widget elementor-widget-heading\" data-id=\"82651ad\" data-element_type=\"widget\" data-e-type=\"widget\" data-widget_type=\"heading.default\">\n\t\t\t\t<div class=\"elementor-widget-container\">\n\t\t\t\t\t<h2 class=\"elementor-heading-title elementor-size-default\">Descarga esta ficha t\u00e9cnica <\/h2>\t\t\t\t<\/div>\n\t\t\t\t<\/div>\n\t\t\t\t<div class=\"elementor-element elementor-element-40ffdf9 elementor-widget elementor-widget-text-editor\" data-id=\"40ffdf9\" data-element_type=\"widget\" data-e-type=\"widget\" data-widget_type=\"text-editor.default\">\n\t\t\t\t<div class=\"elementor-widget-container\">\n\t\t\t\t\t\t\t\t\t<p>Obt\u00e9n toda la informaci\u00f3n detallada sobre las caracter\u00edsticas, aplicaciones y propiedades de este producto. Oprime el bot\u00f3n de al lado para descargar la ficha t\u00e9cnica en PDF.<\/p>\t\t\t\t\t\t\t\t<\/div>\n\t\t\t\t<\/div>\n\t\t\t\t\t<\/div>\n\t\t<\/div>\n\t\t\t\t<div class=\"elementor-column elementor-col-50 elementor-top-column elementor-element elementor-element-0cf3139\" data-id=\"0cf3139\" data-element_type=\"column\" data-e-type=\"column\">\n\t\t\t<div class=\"elementor-widget-wrap elementor-element-populated\">\n\t\t\t\t\t\t<div class=\"elementor-element elementor-element-f0585d7 elementor-align-left elementor-widget elementor-widget-button\" data-id=\"f0585d7\" data-element_type=\"widget\" data-e-type=\"widget\" data-widget_type=\"button.default\">\n\t\t\t\t<div class=\"elementor-widget-container\">\n\t\t\t\t\t\t\t\t\t<div class=\"elementor-button-wrapper\">\n\t\t\t\t\t<a class=\"elementor-button elementor-button-link elementor-size-sm\" href=\"https:\/\/arupro.com\/wp-content\/uploads\/2025\/12\/FICHA-TECNICA-WAW-SOFTENER-ACTUALIZADA.pdf\" target=\"_blank\" download=\"Tech Report WAW laundry softener ES\">\n\t\t\t\t\t\t<span class=\"elementor-button-content-wrapper\">\n\t\t\t\t\t\t<span class=\"elementor-button-icon\">\n\t\t\t\t<i aria-hidden=\"true\" class=\"fas fa-download\"><\/i>\t\t\t<\/span>\n\t\t\t\t\t\t\t\t\t<span class=\"elementor-button-text\">Descargar Ficha T\u00e9cnica (PDF)<\/span>\n\t\t\t\t\t<\/span>\n\t\t\t\t\t<\/a>\n\t\t\t\t<\/div>\n\t\t\t\t\t\t\t\t<\/div>\n\t\t\t\t<\/div>\n\t\t\t\t\t<\/div>\n\t\t<\/div>\n\t\t\t\t\t<\/div>\n\t\t<\/section>\n\t\t\t\t<section class=\"elementor-section elementor-top-section elementor-element elementor-element-b1e5e4f elementor-section-boxed elementor-section-height-default elementor-section-height-default\" data-id=\"b1e5e4f\" data-element_type=\"section\" data-e-type=\"section\">\n\t\t\t\t\t\t<div class=\"elementor-container elementor-column-gap-default\">\n\t\t\t\t\t<div class=\"elementor-column elementor-col-100 elementor-top-column elementor-element elementor-element-6896563\" data-id=\"6896563\" data-element_type=\"column\" data-e-type=\"column\">\n\t\t\t<div class=\"elementor-widget-wrap elementor-element-populated\">\n\t\t\t\t\t\t<div class=\"elementor-element elementor-element-5a88c51 elementor-widget elementor-widget-image\" data-id=\"5a88c51\" data-element_type=\"widget\" data-e-type=\"widget\" data-widget_type=\"image.default\">\n\t\t\t\t<div class=\"elementor-widget-container\">\n\t\t\t\t\t\t\t\t\t\t\t\t\t\t\t<img fetchpriority=\"high\" decoding=\"async\" width=\"724\" height=\"1024\" src=\"https:\/\/arupro.com\/wp-content\/uploads\/2025\/12\/1-23-724x1024.png\" class=\"attachment-large size-large wp-image-10505\" alt=\"\" srcset=\"https:\/\/arupro.com\/wp-content\/uploads\/2025\/12\/1-23-724x1024.png 724w, https:\/\/arupro.com\/wp-content\/uploads\/2025\/12\/1-23-212x300.png 212w, https:\/\/arupro.com\/wp-content\/uploads\/2025\/12\/1-23-768x1086.png 768w, https:\/\/arupro.com\/wp-content\/uploads\/2025\/12\/1-23-1086x1536.png 1086w, https:\/\/arupro.com\/wp-content\/uploads\/2025\/12\/1-23.png 1414w\" sizes=\"(max-width: 724px) 100vw, 724px\" \/>\t\t\t\t\t\t\t\t\t\t\t\t\t\t\t<\/div>\n\t\t\t\t<\/div>\n\t\t\t\t\t<\/div>\n\t\t<\/div>\n\t\t\t\t\t<\/div>\n\t\t<\/section>\n\t\t\t\t<section class=\"elementor-section elementor-top-section elementor-element elementor-element-4e7532a elementor-section-boxed elementor-section-height-default elementor-section-height-default\" data-id=\"4e7532a\" data-element_type=\"section\" data-e-type=\"section\">\n\t\t\t\t\t\t<div class=\"elementor-container elementor-column-gap-default\">\n\t\t\t\t\t<div class=\"elementor-column elementor-col-100 elementor-top-column elementor-element elementor-element-859e32a\" data-id=\"859e32a\" data-element_type=\"column\" data-e-type=\"column\">\n\t\t\t<div class=\"elementor-widget-wrap elementor-element-populated\">\n\t\t\t\t\t\t<div class=\"elementor-element elementor-element-8ddea82 elementor-widget elementor-widget-image\" data-id=\"8ddea82\" data-element_type=\"widget\" data-e-type=\"widget\" data-widget_type=\"image.default\">\n\t\t\t\t<div class=\"elementor-widget-container\">\n\t\t\t\t\t\t\t\t\t\t\t\t\t\t\t<img decoding=\"async\" width=\"724\" height=\"1024\" src=\"https:\/\/arupro.com\/wp-content\/uploads\/2025\/12\/2-23-724x1024.png\" class=\"attachment-large size-large wp-image-10506\" alt=\"\" srcset=\"https:\/\/arupro.com\/wp-content\/uploads\/2025\/12\/2-23-724x1024.png 724w, https:\/\/arupro.com\/wp-content\/uploads\/2025\/12\/2-23-212x300.png 212w, https:\/\/arupro.com\/wp-content\/uploads\/2025\/12\/2-23-768x1086.png 768w, https:\/\/arupro.com\/wp-content\/uploads\/2025\/12\/2-23-1086x1536.png 1086w, https:\/\/arupro.com\/wp-content\/uploads\/2025\/12\/2-23.png 1414w\" sizes=\"(max-width: 724px) 100vw, 724px\" \/>\t\t\t\t\t\t\t\t\t\t\t\t\t\t\t<\/div>\n\t\t\t\t<\/div>\n\t\t\t\t<div class=\"elementor-element elementor-element-bb76ada elementor-widget elementor-widget-image\" data-id=\"bb76ada\" data-element_type=\"widget\" data-e-type=\"widget\" data-widget_type=\"image.default\">\n\t\t\t\t<div class=\"elementor-widget-container\">\n\t\t\t\t\t\t\t\t\t\t\t\t\t\t\t<img decoding=\"async\" width=\"724\" height=\"1024\" src=\"https:\/\/arupro.com\/wp-content\/uploads\/2025\/12\/3-23-724x1024.png\" class=\"attachment-large size-large wp-image-10507\" alt=\"\" srcset=\"https:\/\/arupro.com\/wp-content\/uploads\/2025\/12\/3-23-724x1024.png 724w, https:\/\/arupro.com\/wp-content\/uploads\/2025\/12\/3-23-212x300.png 212w, https:\/\/arupro.com\/wp-content\/uploads\/2025\/12\/3-23-768x1086.png 768w, https:\/\/arupro.com\/wp-content\/uploads\/2025\/12\/3-23-1086x1536.png 1086w, https:\/\/arupro.com\/wp-content\/uploads\/2025\/12\/3-23.png 1414w\" sizes=\"(max-width: 724px) 100vw, 724px\" \/>\t\t\t\t\t\t\t\t\t\t\t\t\t\t\t<\/div>\n\t\t\t\t<\/div>\n\t\t\t\t\t<\/div>\n\t\t<\/div>\n\t\t\t\t\t<\/div>\n\t\t<\/section>\n\t\t\t\t<\/div>\n\t\t","protected":false},"excerpt":{"rendered":"<p>Descarga esta ficha t\u00e9cnica Obt\u00e9n toda la informaci\u00f3n detallada sobre las caracter\u00edsticas, aplicaciones y propiedades de este producto. Oprime el bot\u00f3n de al lado para&hellip;<\/p>\n","protected":false},"author":6,"featured_media":0,"parent":0,"menu_order":0,"comment_status":"closed","ping_status":"closed","template":"","meta":{"footnotes":""},"class_list":["post-7439","page","type-page","status-publish","hentry"],"_links":{"self":[{"href":"https:\/\/arupro.com\/index.php\/wp-json\/wp\/v2\/pages\/7439","targetHints":{"allow":["GET"]}}],"collection":[{"href":"https:\/\/arupro.com\/index.php\/wp-json\/wp\/v2\/pages"}],"about":[{"href":"https:\/\/arupro.com\/index.php\/wp-json\/wp\/v2\/types\/page"}],"author":[{"embeddable":true,"href":"https:\/\/arupro.com\/index.php\/wp-json\/wp\/v2\/users\/6"}],"replies":[{"embeddable":true,"href":"https:\/\/arupro.com\/index.php\/wp-json\/wp\/v2\/comments?post=7439"}],"version-history":[{"count":10,"href":"https:\/\/arupro.com\/index.php\/wp-json\/wp\/v2\/pages\/7439\/revisions"}],"predecessor-version":[{"id":10513,"href":"https:\/\/arupro.com\/index.php\/wp-json\/wp\/v2\/pages\/7439\/revisions\/10513"}],"wp:attachment":[{"href":"https:\/\/arupro.com\/index.php\/wp-json\/wp\/v2\/media?parent=7439"}],"curies":[{"name":"wp","href":"https:\/\/api.w.org\/{rel}","templated":true}]}}