{"id":8147,"date":"2025-05-09T14:12:39","date_gmt":"2025-05-09T14:12:39","guid":{"rendered":"https:\/\/arupro.com\/?page_id=8147"},"modified":"2025-05-09T14:15:10","modified_gmt":"2025-05-09T14:15:10","slug":"tech-report-isopropyl-acohol-70-es","status":"publish","type":"page","link":"https:\/\/arupro.com\/index.php\/tech-report-isopropyl-acohol-70-es\/","title":{"rendered":"Tech Report &#8211; Isopropyl Acohol 70% ES"},"content":{"rendered":"\t\t<div data-elementor-type=\"wp-page\" data-elementor-id=\"8147\" class=\"elementor elementor-8147\" data-elementor-post-type=\"page\">\n\t\t\t\t\t\t<section class=\"elementor-section elementor-top-section elementor-element elementor-element-2f4bf1e elementor-section-stretched elementor-section-boxed elementor-section-height-default elementor-section-height-default\" data-id=\"2f4bf1e\" data-element_type=\"section\" data-e-type=\"section\" data-settings=\"{&quot;stretch_section&quot;:&quot;section-stretched&quot;,&quot;background_background&quot;:&quot;classic&quot;}\">\n\t\t\t\t\t\t\t<div class=\"elementor-background-overlay\"><\/div>\n\t\t\t\t\t\t\t<div class=\"elementor-container elementor-column-gap-default\">\n\t\t\t\t\t<div class=\"elementor-column elementor-col-50 elementor-top-column elementor-element elementor-element-d2848c8\" data-id=\"d2848c8\" data-element_type=\"column\" data-e-type=\"column\" data-settings=\"{&quot;background_background&quot;:&quot;classic&quot;}\">\n\t\t\t<div class=\"elementor-widget-wrap elementor-element-populated\">\n\t\t\t\t\t\t<div class=\"elementor-element elementor-element-4eb6096 elementor-widget elementor-widget-spacer\" data-id=\"4eb6096\" data-element_type=\"widget\" data-e-type=\"widget\" data-widget_type=\"spacer.default\">\n\t\t\t\t<div class=\"elementor-widget-container\">\n\t\t\t\t\t\t\t<div class=\"elementor-spacer\">\n\t\t\t<div class=\"elementor-spacer-inner\"><\/div>\n\t\t<\/div>\n\t\t\t\t\t\t<\/div>\n\t\t\t\t<\/div>\n\t\t\t\t<div class=\"elementor-element elementor-element-dba7108 elementor-widget elementor-widget-heading\" data-id=\"dba7108\" data-element_type=\"widget\" data-e-type=\"widget\" data-widget_type=\"heading.default\">\n\t\t\t\t<div class=\"elementor-widget-container\">\n\t\t\t\t\t<h2 class=\"elementor-heading-title elementor-size-default\">Descarga esta ficha t\u00e9cnica <\/h2>\t\t\t\t<\/div>\n\t\t\t\t<\/div>\n\t\t\t\t<div class=\"elementor-element elementor-element-1f77351 elementor-widget elementor-widget-text-editor\" data-id=\"1f77351\" data-element_type=\"widget\" data-e-type=\"widget\" data-widget_type=\"text-editor.default\">\n\t\t\t\t<div class=\"elementor-widget-container\">\n\t\t\t\t\t\t\t\t\t<p>Obt\u00e9n toda la informaci\u00f3n detallada sobre las caracter\u00edsticas, aplicaciones y propiedades de este producto. Oprime el bot\u00f3n de al lado para descargar la ficha t\u00e9cnica en PDF.<\/p>\t\t\t\t\t\t\t\t<\/div>\n\t\t\t\t<\/div>\n\t\t\t\t\t<\/div>\n\t\t<\/div>\n\t\t\t\t<div class=\"elementor-column elementor-col-50 elementor-top-column elementor-element elementor-element-7fcb617\" data-id=\"7fcb617\" data-element_type=\"column\" data-e-type=\"column\">\n\t\t\t<div class=\"elementor-widget-wrap elementor-element-populated\">\n\t\t\t\t\t\t<div class=\"elementor-element elementor-element-61b6000 elementor-align-left elementor-widget elementor-widget-button\" data-id=\"61b6000\" data-element_type=\"widget\" data-e-type=\"widget\" data-widget_type=\"button.default\">\n\t\t\t\t<div class=\"elementor-widget-container\">\n\t\t\t\t\t\t\t\t\t<div class=\"elementor-button-wrapper\">\n\t\t\t\t\t<a class=\"elementor-button elementor-button-link elementor-size-sm\" href=\"https:\/\/arupro.com\/wp-content\/uploads\/2025\/05\/FICHA-TECNICA-ISOPROPYL-ALCOHOL-70-ES.pdf\" target=\"_blank\" download=\"Tech Report Isopropyl Acohol 70% ES\">\n\t\t\t\t\t\t<span class=\"elementor-button-content-wrapper\">\n\t\t\t\t\t\t<span class=\"elementor-button-icon\">\n\t\t\t\t<i aria-hidden=\"true\" class=\"fas fa-download\"><\/i>\t\t\t<\/span>\n\t\t\t\t\t\t\t\t\t<span class=\"elementor-button-text\">Descargar Ficha T\u00e9cnica (PDF)<\/span>\n\t\t\t\t\t<\/span>\n\t\t\t\t\t<\/a>\n\t\t\t\t<\/div>\n\t\t\t\t\t\t\t\t<\/div>\n\t\t\t\t<\/div>\n\t\t\t\t\t<\/div>\n\t\t<\/div>\n\t\t\t\t\t<\/div>\n\t\t<\/section>\n\t\t\t\t<section class=\"elementor-section elementor-top-section elementor-element elementor-element-ab1b1be elementor-section-boxed elementor-section-height-default elementor-section-height-default\" data-id=\"ab1b1be\" data-element_type=\"section\" data-e-type=\"section\">\n\t\t\t\t\t\t<div class=\"elementor-container elementor-column-gap-default\">\n\t\t\t\t\t<div class=\"elementor-column elementor-col-100 elementor-top-column elementor-element elementor-element-141a670\" data-id=\"141a670\" data-element_type=\"column\" data-e-type=\"column\">\n\t\t\t<div class=\"elementor-widget-wrap elementor-element-populated\">\n\t\t\t\t\t\t<div class=\"elementor-element elementor-element-04464d1 elementor-widget elementor-widget-image\" data-id=\"04464d1\" data-element_type=\"widget\" data-e-type=\"widget\" data-widget_type=\"image.default\">\n\t\t\t\t<div class=\"elementor-widget-container\">\n\t\t\t\t\t\t\t\t\t\t\t\t\t\t\t<img fetchpriority=\"high\" decoding=\"async\" width=\"724\" height=\"1024\" src=\"https:\/\/arupro.com\/wp-content\/uploads\/2025\/05\/1-24-724x1024.png\" class=\"attachment-large size-large wp-image-8149\" alt=\"\" srcset=\"https:\/\/arupro.com\/wp-content\/uploads\/2025\/05\/1-24-724x1024.png 724w, https:\/\/arupro.com\/wp-content\/uploads\/2025\/05\/1-24-212x300.png 212w, https:\/\/arupro.com\/wp-content\/uploads\/2025\/05\/1-24-768x1086.png 768w, https:\/\/arupro.com\/wp-content\/uploads\/2025\/05\/1-24-1086x1536.png 1086w, https:\/\/arupro.com\/wp-content\/uploads\/2025\/05\/1-24.png 1414w\" sizes=\"(max-width: 724px) 100vw, 724px\" \/>\t\t\t\t\t\t\t\t\t\t\t\t\t\t\t<\/div>\n\t\t\t\t<\/div>\n\t\t\t\t<div class=\"elementor-element elementor-element-6734610 elementor-widget elementor-widget-image\" data-id=\"6734610\" data-element_type=\"widget\" data-e-type=\"widget\" data-widget_type=\"image.default\">\n\t\t\t\t<div class=\"elementor-widget-container\">\n\t\t\t\t\t\t\t\t\t\t\t\t\t\t\t<img decoding=\"async\" width=\"724\" height=\"1024\" src=\"https:\/\/arupro.com\/wp-content\/uploads\/2025\/05\/2-24-724x1024.png\" class=\"attachment-large size-large wp-image-8150\" alt=\"\" srcset=\"https:\/\/arupro.com\/wp-content\/uploads\/2025\/05\/2-24-724x1024.png 724w, https:\/\/arupro.com\/wp-content\/uploads\/2025\/05\/2-24-212x300.png 212w, https:\/\/arupro.com\/wp-content\/uploads\/2025\/05\/2-24-768x1086.png 768w, https:\/\/arupro.com\/wp-content\/uploads\/2025\/05\/2-24-1086x1536.png 1086w, https:\/\/arupro.com\/wp-content\/uploads\/2025\/05\/2-24.png 1414w\" sizes=\"(max-width: 724px) 100vw, 724px\" \/>\t\t\t\t\t\t\t\t\t\t\t\t\t\t\t<\/div>\n\t\t\t\t<\/div>\n\t\t\t\t<div class=\"elementor-element elementor-element-dc9f2f1 elementor-widget elementor-widget-image\" data-id=\"dc9f2f1\" data-element_type=\"widget\" data-e-type=\"widget\" data-widget_type=\"image.default\">\n\t\t\t\t<div class=\"elementor-widget-container\">\n\t\t\t\t\t\t\t\t\t\t\t\t\t\t\t<img decoding=\"async\" width=\"724\" height=\"1024\" src=\"https:\/\/arupro.com\/wp-content\/uploads\/2025\/05\/3-17-724x1024.png\" class=\"attachment-large size-large wp-image-8151\" alt=\"\" srcset=\"https:\/\/arupro.com\/wp-content\/uploads\/2025\/05\/3-17-724x1024.png 724w, https:\/\/arupro.com\/wp-content\/uploads\/2025\/05\/3-17-212x300.png 212w, https:\/\/arupro.com\/wp-content\/uploads\/2025\/05\/3-17-768x1086.png 768w, https:\/\/arupro.com\/wp-content\/uploads\/2025\/05\/3-17-1086x1536.png 1086w, https:\/\/arupro.com\/wp-content\/uploads\/2025\/05\/3-17.png 1414w\" sizes=\"(max-width: 724px) 100vw, 724px\" \/>\t\t\t\t\t\t\t\t\t\t\t\t\t\t\t<\/div>\n\t\t\t\t<\/div>\n\t\t\t\t\t<\/div>\n\t\t<\/div>\n\t\t\t\t\t<\/div>\n\t\t<\/section>\n\t\t\t\t<\/div>\n\t\t","protected":false},"excerpt":{"rendered":"<p>Descarga esta ficha t\u00e9cnica Obt\u00e9n toda la informaci\u00f3n detallada sobre las caracter\u00edsticas, aplicaciones y propiedades de este producto. Oprime el bot\u00f3n de al lado para&hellip;<\/p>\n","protected":false},"author":6,"featured_media":0,"parent":0,"menu_order":0,"comment_status":"closed","ping_status":"closed","template":"","meta":{"footnotes":""},"class_list":["post-8147","page","type-page","status-publish","hentry"],"_links":{"self":[{"href":"https:\/\/arupro.com\/index.php\/wp-json\/wp\/v2\/pages\/8147","targetHints":{"allow":["GET"]}}],"collection":[{"href":"https:\/\/arupro.com\/index.php\/wp-json\/wp\/v2\/pages"}],"about":[{"href":"https:\/\/arupro.com\/index.php\/wp-json\/wp\/v2\/types\/page"}],"author":[{"embeddable":true,"href":"https:\/\/arupro.com\/index.php\/wp-json\/wp\/v2\/users\/6"}],"replies":[{"embeddable":true,"href":"https:\/\/arupro.com\/index.php\/wp-json\/wp\/v2\/comments?post=8147"}],"version-history":[{"count":7,"href":"https:\/\/arupro.com\/index.php\/wp-json\/wp\/v2\/pages\/8147\/revisions"}],"predecessor-version":[{"id":8158,"href":"https:\/\/arupro.com\/index.php\/wp-json\/wp\/v2\/pages\/8147\/revisions\/8158"}],"wp:attachment":[{"href":"https:\/\/arupro.com\/index.php\/wp-json\/wp\/v2\/media?parent=8147"}],"curies":[{"name":"wp","href":"https:\/\/api.w.org\/{rel}","templated":true}]}}