{"id":8503,"date":"2025-05-19T19:04:44","date_gmt":"2025-05-19T19:04:44","guid":{"rendered":"https:\/\/arupro.com\/?page_id=8503"},"modified":"2025-05-19T19:07:12","modified_gmt":"2025-05-19T19:07:12","slug":"tech-report-app-44-es","status":"publish","type":"page","link":"https:\/\/arupro.com\/index.php\/tech-report-app-44-es\/","title":{"rendered":"Tech Report &#8211; APP 44 ES"},"content":{"rendered":"\t\t<div data-elementor-type=\"wp-page\" data-elementor-id=\"8503\" class=\"elementor elementor-8503\" data-elementor-post-type=\"page\">\n\t\t\t\t\t\t<section class=\"elementor-section elementor-top-section elementor-element elementor-element-5860fc7 elementor-section-stretched elementor-section-boxed elementor-section-height-default elementor-section-height-default\" data-id=\"5860fc7\" data-element_type=\"section\" data-e-type=\"section\" data-settings=\"{&quot;stretch_section&quot;:&quot;section-stretched&quot;,&quot;background_background&quot;:&quot;classic&quot;}\">\n\t\t\t\t\t\t\t<div class=\"elementor-background-overlay\"><\/div>\n\t\t\t\t\t\t\t<div class=\"elementor-container elementor-column-gap-default\">\n\t\t\t\t\t<div class=\"elementor-column elementor-col-50 elementor-top-column elementor-element elementor-element-932c1cc\" data-id=\"932c1cc\" data-element_type=\"column\" data-e-type=\"column\" data-settings=\"{&quot;background_background&quot;:&quot;classic&quot;}\">\n\t\t\t<div class=\"elementor-widget-wrap elementor-element-populated\">\n\t\t\t\t\t\t<div class=\"elementor-element elementor-element-663f615 elementor-widget elementor-widget-spacer\" data-id=\"663f615\" data-element_type=\"widget\" data-e-type=\"widget\" data-widget_type=\"spacer.default\">\n\t\t\t\t<div class=\"elementor-widget-container\">\n\t\t\t\t\t\t\t<div class=\"elementor-spacer\">\n\t\t\t<div class=\"elementor-spacer-inner\"><\/div>\n\t\t<\/div>\n\t\t\t\t\t\t<\/div>\n\t\t\t\t<\/div>\n\t\t\t\t<div class=\"elementor-element elementor-element-31a5178 elementor-widget elementor-widget-heading\" data-id=\"31a5178\" data-element_type=\"widget\" data-e-type=\"widget\" data-widget_type=\"heading.default\">\n\t\t\t\t<div class=\"elementor-widget-container\">\n\t\t\t\t\t<h2 class=\"elementor-heading-title elementor-size-default\">Descarga esta ficha t\u00e9cnica <\/h2>\t\t\t\t<\/div>\n\t\t\t\t<\/div>\n\t\t\t\t<div class=\"elementor-element elementor-element-8a28cfb elementor-widget elementor-widget-text-editor\" data-id=\"8a28cfb\" data-element_type=\"widget\" data-e-type=\"widget\" data-widget_type=\"text-editor.default\">\n\t\t\t\t<div class=\"elementor-widget-container\">\n\t\t\t\t\t\t\t\t\t<p>Obt\u00e9n toda la informaci\u00f3n detallada sobre las caracter\u00edsticas, aplicaciones y propiedades de este producto. Oprime el bot\u00f3n de al lado para descargar la ficha t\u00e9cnica en PDF.<\/p>\t\t\t\t\t\t\t\t<\/div>\n\t\t\t\t<\/div>\n\t\t\t\t\t<\/div>\n\t\t<\/div>\n\t\t\t\t<div class=\"elementor-column elementor-col-50 elementor-top-column elementor-element elementor-element-7401eb9\" data-id=\"7401eb9\" data-element_type=\"column\" data-e-type=\"column\">\n\t\t\t<div class=\"elementor-widget-wrap elementor-element-populated\">\n\t\t\t\t\t\t<div class=\"elementor-element elementor-element-1b4a51c elementor-align-left elementor-widget elementor-widget-button\" data-id=\"1b4a51c\" data-element_type=\"widget\" data-e-type=\"widget\" data-widget_type=\"button.default\">\n\t\t\t\t<div class=\"elementor-widget-container\">\n\t\t\t\t\t\t\t\t\t<div class=\"elementor-button-wrapper\">\n\t\t\t\t\t<a class=\"elementor-button elementor-button-link elementor-size-sm\" href=\"https:\/\/arupro.com\/wp-content\/uploads\/2025\/05\/FICHA-TECNICA-AP44-ES.pdf\" target=\"_blank\" download=\"Tech Report AP 44 ES\">\n\t\t\t\t\t\t<span class=\"elementor-button-content-wrapper\">\n\t\t\t\t\t\t<span class=\"elementor-button-icon\">\n\t\t\t\t<i aria-hidden=\"true\" class=\"fas fa-download\"><\/i>\t\t\t<\/span>\n\t\t\t\t\t\t\t\t\t<span class=\"elementor-button-text\">Descargar Ficha T\u00e9cnica (PDF)<\/span>\n\t\t\t\t\t<\/span>\n\t\t\t\t\t<\/a>\n\t\t\t\t<\/div>\n\t\t\t\t\t\t\t\t<\/div>\n\t\t\t\t<\/div>\n\t\t\t\t\t<\/div>\n\t\t<\/div>\n\t\t\t\t\t<\/div>\n\t\t<\/section>\n\t\t\t\t<section class=\"elementor-section elementor-top-section elementor-element elementor-element-4afb12a elementor-section-boxed elementor-section-height-default elementor-section-height-default\" data-id=\"4afb12a\" data-element_type=\"section\" data-e-type=\"section\">\n\t\t\t\t\t\t<div class=\"elementor-container elementor-column-gap-default\">\n\t\t\t\t\t<div class=\"elementor-column elementor-col-100 elementor-top-column elementor-element elementor-element-334b52f\" data-id=\"334b52f\" data-element_type=\"column\" data-e-type=\"column\">\n\t\t\t<div class=\"elementor-widget-wrap elementor-element-populated\">\n\t\t\t\t\t\t<div class=\"elementor-element elementor-element-7503206 elementor-widget elementor-widget-image\" data-id=\"7503206\" data-element_type=\"widget\" data-e-type=\"widget\" data-widget_type=\"image.default\">\n\t\t\t\t<div class=\"elementor-widget-container\">\n\t\t\t\t\t\t\t\t\t\t\t\t\t\t\t<img fetchpriority=\"high\" decoding=\"async\" width=\"724\" height=\"1024\" src=\"https:\/\/arupro.com\/wp-content\/uploads\/2025\/05\/1-39-724x1024.png\" class=\"attachment-large size-large wp-image-8505\" alt=\"\" srcset=\"https:\/\/arupro.com\/wp-content\/uploads\/2025\/05\/1-39-724x1024.png 724w, https:\/\/arupro.com\/wp-content\/uploads\/2025\/05\/1-39-212x300.png 212w, https:\/\/arupro.com\/wp-content\/uploads\/2025\/05\/1-39-768x1086.png 768w, https:\/\/arupro.com\/wp-content\/uploads\/2025\/05\/1-39-1086x1536.png 1086w, https:\/\/arupro.com\/wp-content\/uploads\/2025\/05\/1-39.png 1414w\" sizes=\"(max-width: 724px) 100vw, 724px\" \/>\t\t\t\t\t\t\t\t\t\t\t\t\t\t\t<\/div>\n\t\t\t\t<\/div>\n\t\t\t\t<div class=\"elementor-element elementor-element-9a3bdb1 elementor-widget elementor-widget-image\" data-id=\"9a3bdb1\" data-element_type=\"widget\" data-e-type=\"widget\" data-widget_type=\"image.default\">\n\t\t\t\t<div class=\"elementor-widget-container\">\n\t\t\t\t\t\t\t\t\t\t\t\t\t\t\t<img decoding=\"async\" width=\"724\" height=\"1024\" src=\"https:\/\/arupro.com\/wp-content\/uploads\/2025\/05\/2-39-724x1024.png\" class=\"attachment-large size-large wp-image-8506\" alt=\"\" srcset=\"https:\/\/arupro.com\/wp-content\/uploads\/2025\/05\/2-39-724x1024.png 724w, https:\/\/arupro.com\/wp-content\/uploads\/2025\/05\/2-39-212x300.png 212w, https:\/\/arupro.com\/wp-content\/uploads\/2025\/05\/2-39-768x1086.png 768w, https:\/\/arupro.com\/wp-content\/uploads\/2025\/05\/2-39-1086x1536.png 1086w, https:\/\/arupro.com\/wp-content\/uploads\/2025\/05\/2-39.png 1414w\" sizes=\"(max-width: 724px) 100vw, 724px\" \/>\t\t\t\t\t\t\t\t\t\t\t\t\t\t\t<\/div>\n\t\t\t\t<\/div>\n\t\t\t\t<div class=\"elementor-element elementor-element-1af84c1 elementor-widget elementor-widget-image\" data-id=\"1af84c1\" data-element_type=\"widget\" data-e-type=\"widget\" data-widget_type=\"image.default\">\n\t\t\t\t<div class=\"elementor-widget-container\">\n\t\t\t\t\t\t\t\t\t\t\t\t\t\t\t<img decoding=\"async\" width=\"724\" height=\"1024\" src=\"https:\/\/arupro.com\/wp-content\/uploads\/2025\/05\/3-30-724x1024.png\" class=\"attachment-large size-large wp-image-8507\" alt=\"\" srcset=\"https:\/\/arupro.com\/wp-content\/uploads\/2025\/05\/3-30-724x1024.png 724w, https:\/\/arupro.com\/wp-content\/uploads\/2025\/05\/3-30-212x300.png 212w, https:\/\/arupro.com\/wp-content\/uploads\/2025\/05\/3-30-768x1086.png 768w, https:\/\/arupro.com\/wp-content\/uploads\/2025\/05\/3-30-1086x1536.png 1086w, https:\/\/arupro.com\/wp-content\/uploads\/2025\/05\/3-30.png 1414w\" sizes=\"(max-width: 724px) 100vw, 724px\" \/>\t\t\t\t\t\t\t\t\t\t\t\t\t\t\t<\/div>\n\t\t\t\t<\/div>\n\t\t\t\t\t<\/div>\n\t\t<\/div>\n\t\t\t\t\t<\/div>\n\t\t<\/section>\n\t\t\t\t<\/div>\n\t\t","protected":false},"excerpt":{"rendered":"<p>Descarga esta ficha t\u00e9cnica Obt\u00e9n toda la informaci\u00f3n detallada sobre las caracter\u00edsticas, aplicaciones y propiedades de este producto. Oprime el bot\u00f3n de al lado para&hellip;<\/p>\n","protected":false},"author":6,"featured_media":0,"parent":0,"menu_order":0,"comment_status":"closed","ping_status":"closed","template":"","meta":{"footnotes":""},"class_list":["post-8503","page","type-page","status-publish","hentry"],"_links":{"self":[{"href":"https:\/\/arupro.com\/index.php\/wp-json\/wp\/v2\/pages\/8503","targetHints":{"allow":["GET"]}}],"collection":[{"href":"https:\/\/arupro.com\/index.php\/wp-json\/wp\/v2\/pages"}],"about":[{"href":"https:\/\/arupro.com\/index.php\/wp-json\/wp\/v2\/types\/page"}],"author":[{"embeddable":true,"href":"https:\/\/arupro.com\/index.php\/wp-json\/wp\/v2\/users\/6"}],"replies":[{"embeddable":true,"href":"https:\/\/arupro.com\/index.php\/wp-json\/wp\/v2\/comments?post=8503"}],"version-history":[{"count":4,"href":"https:\/\/arupro.com\/index.php\/wp-json\/wp\/v2\/pages\/8503\/revisions"}],"predecessor-version":[{"id":8511,"href":"https:\/\/arupro.com\/index.php\/wp-json\/wp\/v2\/pages\/8503\/revisions\/8511"}],"wp:attachment":[{"href":"https:\/\/arupro.com\/index.php\/wp-json\/wp\/v2\/media?parent=8503"}],"curies":[{"name":"wp","href":"https:\/\/api.w.org\/{rel}","templated":true}]}}