{"id":9492,"date":"2025-06-03T16:52:51","date_gmt":"2025-06-03T16:52:51","guid":{"rendered":"https:\/\/arupro.com\/?page_id=9492"},"modified":"2025-06-03T16:58:51","modified_gmt":"2025-06-03T16:58:51","slug":"tech-report-pots-pans-es","status":"publish","type":"page","link":"https:\/\/arupro.com\/index.php\/tech-report-pots-pans-es\/","title":{"rendered":"Tech Report &#8211; Pots &amp; Pans ES"},"content":{"rendered":"\t\t<div data-elementor-type=\"wp-page\" data-elementor-id=\"9492\" class=\"elementor elementor-9492\" data-elementor-post-type=\"page\">\n\t\t\t\t\t\t<section class=\"elementor-section elementor-top-section elementor-element elementor-element-32dcdaf elementor-section-stretched elementor-section-boxed elementor-section-height-default elementor-section-height-default\" data-id=\"32dcdaf\" data-element_type=\"section\" data-e-type=\"section\" data-settings=\"{&quot;stretch_section&quot;:&quot;section-stretched&quot;,&quot;background_background&quot;:&quot;classic&quot;}\">\n\t\t\t\t\t\t\t<div class=\"elementor-background-overlay\"><\/div>\n\t\t\t\t\t\t\t<div class=\"elementor-container elementor-column-gap-default\">\n\t\t\t\t\t<div class=\"elementor-column elementor-col-50 elementor-top-column elementor-element elementor-element-7215a4f\" data-id=\"7215a4f\" data-element_type=\"column\" data-e-type=\"column\" data-settings=\"{&quot;background_background&quot;:&quot;classic&quot;}\">\n\t\t\t<div class=\"elementor-widget-wrap elementor-element-populated\">\n\t\t\t\t\t\t<div class=\"elementor-element elementor-element-7e6c767 elementor-widget elementor-widget-spacer\" data-id=\"7e6c767\" data-element_type=\"widget\" data-e-type=\"widget\" data-widget_type=\"spacer.default\">\n\t\t\t\t<div class=\"elementor-widget-container\">\n\t\t\t\t\t\t\t<div class=\"elementor-spacer\">\n\t\t\t<div class=\"elementor-spacer-inner\"><\/div>\n\t\t<\/div>\n\t\t\t\t\t\t<\/div>\n\t\t\t\t<\/div>\n\t\t\t\t<div class=\"elementor-element elementor-element-7c9904e elementor-widget elementor-widget-heading\" data-id=\"7c9904e\" data-element_type=\"widget\" data-e-type=\"widget\" data-widget_type=\"heading.default\">\n\t\t\t\t<div class=\"elementor-widget-container\">\n\t\t\t\t\t<h2 class=\"elementor-heading-title elementor-size-default\">Descarga esta ficha t\u00e9cnica <\/h2>\t\t\t\t<\/div>\n\t\t\t\t<\/div>\n\t\t\t\t<div class=\"elementor-element elementor-element-b073156 elementor-widget elementor-widget-text-editor\" data-id=\"b073156\" data-element_type=\"widget\" data-e-type=\"widget\" data-widget_type=\"text-editor.default\">\n\t\t\t\t<div class=\"elementor-widget-container\">\n\t\t\t\t\t\t\t\t\t<p>Obt\u00e9n toda la informaci\u00f3n detallada sobre las caracter\u00edsticas, aplicaciones y propiedades de este producto. Oprime el bot\u00f3n de al lado para descargar la ficha t\u00e9cnica en PDF.<\/p>\t\t\t\t\t\t\t\t<\/div>\n\t\t\t\t<\/div>\n\t\t\t\t\t<\/div>\n\t\t<\/div>\n\t\t\t\t<div class=\"elementor-column elementor-col-50 elementor-top-column elementor-element elementor-element-a03ad4d\" data-id=\"a03ad4d\" data-element_type=\"column\" data-e-type=\"column\">\n\t\t\t<div class=\"elementor-widget-wrap elementor-element-populated\">\n\t\t\t\t\t\t<div class=\"elementor-element elementor-element-41253aa elementor-align-left elementor-widget elementor-widget-button\" data-id=\"41253aa\" data-element_type=\"widget\" data-e-type=\"widget\" data-widget_type=\"button.default\">\n\t\t\t\t<div class=\"elementor-widget-container\">\n\t\t\t\t\t\t\t\t\t<div class=\"elementor-button-wrapper\">\n\t\t\t\t\t<a class=\"elementor-button elementor-button-link elementor-size-sm\" href=\"https:\/\/arupro.com\/wp-content\/uploads\/2025\/06\/FICHA-TECNICA-POTS-PANS-ES.pdf\" target=\"_blank\" download=\"Tech Report Pots &amp; Pans ES\">\n\t\t\t\t\t\t<span class=\"elementor-button-content-wrapper\">\n\t\t\t\t\t\t<span class=\"elementor-button-icon\">\n\t\t\t\t<i aria-hidden=\"true\" class=\"fas fa-download\"><\/i>\t\t\t<\/span>\n\t\t\t\t\t\t\t\t\t<span class=\"elementor-button-text\">Descargar Ficha T\u00e9cnica (PDF)<\/span>\n\t\t\t\t\t<\/span>\n\t\t\t\t\t<\/a>\n\t\t\t\t<\/div>\n\t\t\t\t\t\t\t\t<\/div>\n\t\t\t\t<\/div>\n\t\t\t\t\t<\/div>\n\t\t<\/div>\n\t\t\t\t\t<\/div>\n\t\t<\/section>\n\t\t\t\t<section class=\"elementor-section elementor-top-section elementor-element elementor-element-7143353 elementor-section-boxed elementor-section-height-default elementor-section-height-default\" data-id=\"7143353\" data-element_type=\"section\" data-e-type=\"section\">\n\t\t\t\t\t\t<div class=\"elementor-container elementor-column-gap-default\">\n\t\t\t\t\t<div class=\"elementor-column elementor-col-100 elementor-top-column elementor-element elementor-element-4630333\" data-id=\"4630333\" data-element_type=\"column\" data-e-type=\"column\">\n\t\t\t<div class=\"elementor-widget-wrap elementor-element-populated\">\n\t\t\t\t\t\t<div class=\"elementor-element elementor-element-bcfa4e4 elementor-widget elementor-widget-image\" data-id=\"bcfa4e4\" data-element_type=\"widget\" data-e-type=\"widget\" data-widget_type=\"image.default\">\n\t\t\t\t<div class=\"elementor-widget-container\">\n\t\t\t\t\t\t\t\t\t\t\t\t\t\t\t<img fetchpriority=\"high\" decoding=\"async\" width=\"724\" height=\"1024\" src=\"https:\/\/arupro.com\/wp-content\/uploads\/2025\/06\/1-5-724x1024.png\" class=\"attachment-large size-large wp-image-9495\" alt=\"\" srcset=\"https:\/\/arupro.com\/wp-content\/uploads\/2025\/06\/1-5-724x1024.png 724w, https:\/\/arupro.com\/wp-content\/uploads\/2025\/06\/1-5-212x300.png 212w, https:\/\/arupro.com\/wp-content\/uploads\/2025\/06\/1-5-768x1086.png 768w, https:\/\/arupro.com\/wp-content\/uploads\/2025\/06\/1-5-1086x1536.png 1086w, https:\/\/arupro.com\/wp-content\/uploads\/2025\/06\/1-5.png 1414w\" sizes=\"(max-width: 724px) 100vw, 724px\" \/>\t\t\t\t\t\t\t\t\t\t\t\t\t\t\t<\/div>\n\t\t\t\t<\/div>\n\t\t\t\t<div class=\"elementor-element elementor-element-eb21d16 elementor-widget elementor-widget-image\" data-id=\"eb21d16\" data-element_type=\"widget\" data-e-type=\"widget\" data-widget_type=\"image.default\">\n\t\t\t\t<div class=\"elementor-widget-container\">\n\t\t\t\t\t\t\t\t\t\t\t\t\t\t\t<img decoding=\"async\" width=\"724\" height=\"1024\" src=\"https:\/\/arupro.com\/wp-content\/uploads\/2025\/06\/2-5-724x1024.png\" class=\"attachment-large size-large wp-image-9496\" alt=\"\" srcset=\"https:\/\/arupro.com\/wp-content\/uploads\/2025\/06\/2-5-724x1024.png 724w, https:\/\/arupro.com\/wp-content\/uploads\/2025\/06\/2-5-212x300.png 212w, https:\/\/arupro.com\/wp-content\/uploads\/2025\/06\/2-5-768x1086.png 768w, https:\/\/arupro.com\/wp-content\/uploads\/2025\/06\/2-5-1086x1536.png 1086w, https:\/\/arupro.com\/wp-content\/uploads\/2025\/06\/2-5.png 1414w\" sizes=\"(max-width: 724px) 100vw, 724px\" \/>\t\t\t\t\t\t\t\t\t\t\t\t\t\t\t<\/div>\n\t\t\t\t<\/div>\n\t\t\t\t\t<\/div>\n\t\t<\/div>\n\t\t\t\t\t<\/div>\n\t\t<\/section>\n\t\t\t\t<\/div>\n\t\t","protected":false},"excerpt":{"rendered":"<p>Descarga esta ficha t\u00e9cnica Obt\u00e9n toda la informaci\u00f3n detallada sobre las caracter\u00edsticas, aplicaciones y propiedades de este producto. Oprime el bot\u00f3n de al lado para&hellip;<\/p>\n","protected":false},"author":6,"featured_media":0,"parent":0,"menu_order":0,"comment_status":"closed","ping_status":"closed","template":"","meta":{"footnotes":""},"class_list":["post-9492","page","type-page","status-publish","hentry"],"_links":{"self":[{"href":"https:\/\/arupro.com\/index.php\/wp-json\/wp\/v2\/pages\/9492","targetHints":{"allow":["GET"]}}],"collection":[{"href":"https:\/\/arupro.com\/index.php\/wp-json\/wp\/v2\/pages"}],"about":[{"href":"https:\/\/arupro.com\/index.php\/wp-json\/wp\/v2\/types\/page"}],"author":[{"embeddable":true,"href":"https:\/\/arupro.com\/index.php\/wp-json\/wp\/v2\/users\/6"}],"replies":[{"embeddable":true,"href":"https:\/\/arupro.com\/index.php\/wp-json\/wp\/v2\/comments?post=9492"}],"version-history":[{"count":4,"href":"https:\/\/arupro.com\/index.php\/wp-json\/wp\/v2\/pages\/9492\/revisions"}],"predecessor-version":[{"id":9500,"href":"https:\/\/arupro.com\/index.php\/wp-json\/wp\/v2\/pages\/9492\/revisions\/9500"}],"wp:attachment":[{"href":"https:\/\/arupro.com\/index.php\/wp-json\/wp\/v2\/media?parent=9492"}],"curies":[{"name":"wp","href":"https:\/\/api.w.org\/{rel}","templated":true}]}}